{"id":36,"date":"2025-04-21T21:19:57","date_gmt":"2025-04-21T21:19:57","guid":{"rendered":"https:\/\/designkyn.com\/rbf-solution\/?page_id=36"},"modified":"2025-04-22T12:21:34","modified_gmt":"2025-04-22T12:21:34","slug":"about-us","status":"publish","type":"page","link":"https:\/\/designkyn.com\/rbf-solution\/about-us\/","title":{"rendered":"About Us"},"content":{"rendered":"<h2>About Us<\/h2>\n<p>En RB Future Solutions LLC, combinamos creatividad, tecnolog\u00eda y experiencia para ayudarte a llevar tu negocio al siguiente nivel. Somos una empresa multiservicios ubicada en Orlando, Florida, especializada en publicidad, dise\u00f1o gr\u00e1fico, impresi\u00f3n digital, rotulaci\u00f3n de veh\u00edculos, personalizaci\u00f3n textil y soluciones IT.<\/p>\n<p>Desde la creaci\u00f3n de tu identidad visual hasta la producci\u00f3n de materiales promocionales, en RB ofrecemos todo en un solo lugar. Nuestro compromiso es brindar soluciones pr\u00e1cticas, creativas y de alta calidad que representen el alma de tu marca.<\/p>\n<p>Con a\u00f1os de experiencia en el mundo del dise\u00f1o, la tecnolog\u00eda y la producci\u00f3n gr\u00e1fica, entendemos lo que necesitas y lo hacemos realidad.<\/p>\n<p>\t\t\t\t\t<a href=\"https:\/\/designkyn.com\/rbf-solution\/contact-us\/\"><br \/>\n\t\t\t\t<svg aria-hidden=\"true\" viewBox=\"0 0 448 512\" xmlns=\"http:\/\/www.w3.org\/2000\/svg\"><path d=\"M190.5 66.9l22.2-22.2c9.4-9.4 24.6-9.4 33.9 0L441 239c9.4 9.4 9.4 24.6 0 33.9L246.6 467.3c-9.4 9.4-24.6 9.4-33.9 0l-22.2-22.2c-9.5-9.5-9.3-25 .4-34.3L311.4 296H24c-13.3 0-24-10.7-24-24v-32c0-13.3 10.7-24 24-24h287.4L190.9 101.2c-9.8-9.3-10-24.8-.4-34.3z\"><\/path><\/svg><br \/>\n\t\t\t\t\t\t\t\t\tGet Quote<br \/>\n\t\t\t\t\t<\/a><br \/>\n\t\t\t\t\t\t\t\t\t\t\t\t\t\t\t<img loading=\"lazy\" decoding=\"async\" width=\"690\" height=\"531\" src=\"https:\/\/designkyn.com\/rbf-solution\/wp-content\/uploads\/2025\/04\/image-1.png\" alt=\"\" srcset=\"https:\/\/designkyn.com\/rbf-solution\/wp-content\/uploads\/2025\/04\/image-1.png 690w, https:\/\/designkyn.com\/rbf-solution\/wp-content\/uploads\/2025\/04\/image-1-300x231.png 300w\" sizes=\"auto, (max-width: 690px) 100vw, 690px\" \/>\t\t\t\t\t\t\t\t\t\t\t\t\t\t\t<\/p>\n<h2>\ud83c\udfaf \u00bfQu\u00e9 nos diferencia?<br \/>\n<\/h2>\n<ul>\n<li>\n\t\t\t\t\t\t\t<svg aria-hidden=\"true\" viewBox=\"0 0 512 512\" xmlns=\"http:\/\/www.w3.org\/2000\/svg\"><path d=\"M256 8C119 8 8 119 8 256s111 248 248 248 248-111 248-248S393 8 256 8z\"><\/path><\/svg><br \/>\n\t\t\t\t\t\t\t\t\t\tAtenci\u00f3n personalizada y directa\n\t\t\t\t\t\t\t\t\t<\/li>\n<li>\n\t\t\t\t\t\t\t<svg aria-hidden=\"true\" viewBox=\"0 0 512 512\" xmlns=\"http:\/\/www.w3.org\/2000\/svg\"><path d=\"M256 8C119 8 8 119 8 256s111 248 248 248 248-111 248-248S393 8 256 8z\"><\/path><\/svg><br \/>\n\t\t\t\t\t\t\t\t\t\tAlta calidad en cada producto o servicio\n\t\t\t\t\t\t\t\t\t<\/li>\n<li>\n\t\t\t\t\t\t\t<svg aria-hidden=\"true\" viewBox=\"0 0 512 512\" xmlns=\"http:\/\/www.w3.org\/2000\/svg\"><path d=\"M256 8C119 8 8 119 8 256s111 248 248 248 248-111 248-248S393 8 256 8z\"><\/path><\/svg><br \/>\n\t\t\t\t\t\t\t\t\t\tEntregas r\u00e1pidas y eficientes\n\t\t\t\t\t\t\t\t\t<\/li>\n<li>\n\t\t\t\t\t\t\t<svg aria-hidden=\"true\" viewBox=\"0 0 512 512\" xmlns=\"http:\/\/www.w3.org\/2000\/svg\"><path d=\"M256 8C119 8 8 119 8 256s111 248 248 248 248-111 248-248S393 8 256 8z\"><\/path><\/svg><br \/>\n\t\t\t\t\t\t\t\t\t\tPrecios competitivos\n\t\t\t\t\t\t\t\t\t<\/li>\n<li>\n\t\t\t\t\t\t\t<svg aria-hidden=\"true\" viewBox=\"0 0 512 512\" xmlns=\"http:\/\/www.w3.org\/2000\/svg\"><path d=\"M256 8C119 8 8 119 8 256s111 248 248 248 248-111 248-248S393 8 256 8z\"><\/path><\/svg><br \/>\n\t\t\t\t\t\t\t\t\t\tPasi\u00f3n por lo que hacemos\n\t\t\t\t\t\t\t\t\t<\/li>\n<\/ul>\n<p><strong>\u00a1Creamos marcas que se sienten, se ven y venden!<\/strong><\/p>\n<p><img decoding=\"async\" role=\"img\" draggable=\"false\" src=\"https:\/\/s.w.org\/images\/core\/emoji\/15.1.0\/svg\/1f4cd.svg\" alt=\"\ud83d\udccd\" \/>\u00a0Estamos en Orlando, pero llegamos a todo EE.UU.<br \/><img decoding=\"async\" role=\"img\" draggable=\"false\" src=\"https:\/\/s.w.org\/images\/core\/emoji\/15.1.0\/svg\/1f310.svg\" alt=\"\ud83c\udf10\" \/>\u00a0<a href=\"http:\/\/www.rbfsolutionsllc.com\/\">www.rbfsolutionsllc.com<\/a><br \/><img decoding=\"async\" role=\"img\" draggable=\"false\" src=\"https:\/\/s.w.org\/images\/core\/emoji\/15.1.0\/svg\/1f4de.svg\" alt=\"\ud83d\udcde\" \/>\u00a0305.607.6276<br \/><img decoding=\"async\" role=\"img\" draggable=\"false\" src=\"https:\/\/s.w.org\/images\/core\/emoji\/15.1.0\/svg\/1f4f8.svg\" alt=\"\ud83d\udcf8\" \/>\u00a0Instagram:\u00a0<a href=\"https:\/\/www.instagram.com\/rbfsolutionsllc\">@rbfsolutionsllc<\/a><\/p>\n<p>\t\t\t\t\t\t\t\t\t\t\t\t\t\t\t<img loading=\"lazy\" decoding=\"async\" width=\"679\" height=\"553\" src=\"https:\/\/designkyn.com\/rbf-solution\/wp-content\/uploads\/2025\/04\/image-2.png\" alt=\"\" srcset=\"https:\/\/designkyn.com\/rbf-solution\/wp-content\/uploads\/2025\/04\/image-2.png 679w, https:\/\/designkyn.com\/rbf-solution\/wp-content\/uploads\/2025\/04\/image-2-300x244.png 300w\" sizes=\"auto, (max-width: 679px) 100vw, 679px\" \/>\t\t\t\t\t\t\t\t\t\t\t\t\t\t\t<\/p>\n<h4>Testimonials<\/h4>\n<h2>What Our Clients Are Saying<\/h2>\n<p><!-- start Testimonials --><br \/>\n    01<\/p>\n<p>&#8220;I was so nervous about getting a rhinoplasty, but ElitePlasticSurgeons.us made the process so easy. I was matched with a surgeon who was not only board-certified but had an amazing track record. I couldn&#8217;t be happier with my results!&#8221;<\/p>\n<h4>Sarah M<\/h4>\n<p>        <img loading=\"lazy\" decoding=\"async\" src=\"https:\/\/designkyn.com\/rbf-solution\/wp-content\/uploads\/2025\/04\/image-1-3.png\" alt=\" src=\"https:\/\/designkyn.com\/rbf-solution\/wp-content\/uploads\/2025\/04\/image-1-3.png\" alt=\"image-1-3\" width=\"132\" height=\"132\"\"><br \/>\n    02<\/p>\n<p>&#8220;I had been considering liposuction for years but was scared of the horror stories. ElitePlasticSurgeons.us took all that fear away. Their 360-degree verification process assured me I was in good hands. My surgeon was excellent, and the results speak for themselves.&#8221;<\/p>\n<h4>Brian L<\/h4>\n<p>        <img loading=\"lazy\" decoding=\"async\" src=\"https:\/\/designkyn.com\/rbf-solution\/wp-content\/uploads\/2025\/04\/image-2-1.png\" alt=\" src=\"https:\/\/designkyn.com\/rbf-solution\/wp-content\/uploads\/2025\/04\/image-2-1.png\" alt=\"image-2-1\" width=\"132\" height=\"132\"\"><br \/>\n    03<\/p>\n<p>&#8220;The level of care and attention to detail at ElitePlasticSurgeons.us is unparalleled. They found me a surgeon who specialized in the exact procedure I wanted, and I felt confident throughout the entire process.&#8221;<\/p>\n<h4>Emily H<\/h4>\n<p>        <img loading=\"lazy\" decoding=\"async\" src=\"https:\/\/designkyn.com\/rbf-solution\/wp-content\/uploads\/2025\/04\/image-3-1.png\" alt=\" src=\"https:\/\/designkyn.com\/rbf-solution\/wp-content\/uploads\/2025\/04\/image-3-1.png\" alt=\"image-3-1\" width=\"132\" height=\"132\"\"><br \/>\n    04<\/p>\n<p>&#8220;I was so nervous about getting a rhinoplasty, but ElitePlasticSurgeons.us made the process so easy. I was matched with a surgeon who was not only board-certified but had an amazing track record. I couldn&#8217;t be happier with my results!&#8221;<\/p>\n<h4>Sarah M<\/h4>\n<p>        <img loading=\"lazy\" decoding=\"async\" src=\"https:\/\/designkyn.com\/rbf-solution\/wp-content\/uploads\/2025\/04\/image-1-3.png\" alt=\" src=\"https:\/\/designkyn.com\/rbf-solution\/wp-content\/uploads\/2025\/04\/image-1-3.png\" alt=\"image-1-3\" width=\"132\" height=\"132\"\"><br \/>\n    05<\/p>\n<p>&#8220;I had been considering liposuction for years but was scared of the horror stories. ElitePlasticSurgeons.us took all that fear away. Their 360-degree verification process assured me I was in good hands. My surgeon was excellent, and the results speak for themselves.&#8221;<\/p>\n<h4>Brian L<\/h4>\n<p>        <img loading=\"lazy\" decoding=\"async\" src=\"https:\/\/designkyn.com\/rbf-solution\/wp-content\/uploads\/2025\/04\/image-2-1.png\" alt=\" src=\"https:\/\/designkyn.com\/rbf-solution\/wp-content\/uploads\/2025\/04\/image-2-1.png\" alt=\"image-2-1\" width=\"132\" height=\"132\"\"><br \/>\n    06<\/p>\n<p>&#8220;The level of care and attention to detail at ElitePlasticSurgeons.us is unparalleled. They found me a surgeon who specialized in the exact procedure I wanted, and I felt confident throughout the entire process.&#8221;<\/p>\n<h4>Emily H<\/h4>\n<p>        <img loading=\"lazy\" decoding=\"async\" src=\"https:\/\/designkyn.com\/rbf-solution\/wp-content\/uploads\/2025\/04\/image-3-1.png\" alt=\" src=\"https:\/\/designkyn.com\/rbf-solution\/wp-content\/uploads\/2025\/04\/image-3-1.png\" alt=\"image-3-1\" width=\"132\" height=\"132\"\"><br \/>\n<!-- end Testimonials --><\/p>\n","protected":false},"excerpt":{"rendered":"<p>About Us En RB Future Solutions LLC, combinamos creatividad, tecnolog\u00eda y experiencia para ayudarte a llevar tu negocio al siguiente nivel. Somos una empresa multiservicios ubicada en Orlando, Florida, especializada en publicidad, dise\u00f1o gr\u00e1fico, impresi\u00f3n digital, rotulaci\u00f3n de veh\u00edculos, personalizaci\u00f3n textil y soluciones IT. Desde la creaci\u00f3n de tu identidad visual hasta la producci\u00f3n de [&hellip;]<\/p>\n","protected":false},"author":1,"featured_media":0,"parent":0,"menu_order":0,"comment_status":"closed","ping_status":"closed","template":"elementor_header_footer","meta":{"footnotes":""},"class_list":["post-36","page","type-page","status-publish","hentry"],"_links":{"self":[{"href":"https:\/\/designkyn.com\/rbf-solution\/wp-json\/wp\/v2\/pages\/36","targetHints":{"allow":["GET"]}}],"collection":[{"href":"https:\/\/designkyn.com\/rbf-solution\/wp-json\/wp\/v2\/pages"}],"about":[{"href":"https:\/\/designkyn.com\/rbf-solution\/wp-json\/wp\/v2\/types\/page"}],"author":[{"embeddable":true,"href":"https:\/\/designkyn.com\/rbf-solution\/wp-json\/wp\/v2\/users\/1"}],"replies":[{"embeddable":true,"href":"https:\/\/designkyn.com\/rbf-solution\/wp-json\/wp\/v2\/comments?post=36"}],"version-history":[{"count":13,"href":"https:\/\/designkyn.com\/rbf-solution\/wp-json\/wp\/v2\/pages\/36\/revisions"}],"predecessor-version":[{"id":234,"href":"https:\/\/designkyn.com\/rbf-solution\/wp-json\/wp\/v2\/pages\/36\/revisions\/234"}],"wp:attachment":[{"href":"https:\/\/designkyn.com\/rbf-solution\/wp-json\/wp\/v2\/media?parent=36"}],"curies":[{"name":"wp","href":"https:\/\/api.w.org\/{rel}","templated":true}]}}